{"id":1678,"date":"2020-10-11T11:08:23","date_gmt":"2020-10-11T11:08:23","guid":{"rendered":"http:\/\/zlostorstvoodomraza.com\/kontakt\/"},"modified":"2020-12-22T11:29:00","modified_gmt":"2020-12-22T11:29:00","slug":"kontakt","status":"publish","type":"page","link":"https:\/\/zlostorstvaodomraza.com\/sq\/kontakt\/","title":{"rendered":"Kontakt"},"content":{"rendered":"<div class=\"row contact-page\">\n<div class=\"col-xl-8 col-12\">\n<div class=\"wpcf7 no-js\" id=\"wpcf7-f1797-o1\" lang=\"sq-AL\" dir=\"ltr\" data-wpcf7-id=\"1797\">\n<div class=\"screen-reader-response\"><p role=\"status\" aria-live=\"polite\" aria-atomic=\"true\"><\/p> <ul><\/ul><\/div>\n<form action=\"\/sq\/wp-json\/wp\/v2\/pages\/1678#wpcf7-f1797-o1\" method=\"post\" class=\"wpcf7-form init\" aria-label=\"Contact form\" novalidate=\"novalidate\" data-status=\"init\">\n<fieldset class=\"hidden-fields-container\"><input type=\"hidden\" name=\"_wpcf7\" value=\"1797\" \/><input type=\"hidden\" name=\"_wpcf7_version\" value=\"6.1.5\" \/><input type=\"hidden\" name=\"_wpcf7_locale\" value=\"sq_AL\" \/><input type=\"hidden\" name=\"_wpcf7_unit_tag\" value=\"wpcf7-f1797-o1\" \/><input type=\"hidden\" name=\"_wpcf7_container_post\" value=\"0\" \/><input type=\"hidden\" name=\"_wpcf7_posted_data_hash\" value=\"\" \/>\n<\/fieldset>\n<div class=\"row\">\n\t<div class=col-xl-6 col-12>\n\t\t<div class=\"incident-form-group inc-text\">\n\t\t\t<p class=\"form-title\"> Em\u00ebr: <strong>*<\/strong>\n\t\t\t<\/p>\n\t\t\t<p><span class=\"wpcf7-form-control-wrap\" data-name=\"your-name\"><input size=\"40\" maxlength=\"400\" class=\"wpcf7-form-control wpcf7-text wpcf7-validates-as-required form-control\" aria-required=\"true\" aria-invalid=\"false\" value=\"\" type=\"text\" name=\"your-name\" \/><\/span>\n\t\t\t<\/p>\n\t\t<\/div>\n\t<\/div>\n\t<div class=col-xl-6 col-12>\n\t\t<div class=\"incident-form-group inc-text\">\n\t\t\t<p class=\"form-title\"> Email <strong>*<\/strong>\n\t\t\t<\/p>\n\t\t\t<p><span class=\"wpcf7-form-control-wrap\" data-name=\"your-email\"><input size=\"40\" maxlength=\"400\" class=\"wpcf7-form-control wpcf7-email wpcf7-validates-as-required wpcf7-text wpcf7-validates-as-email form-control\" aria-required=\"true\" aria-invalid=\"false\" value=\"\" type=\"email\" name=\"your-email\" \/><\/span>\n\t\t\t<\/p>\n\t\t<\/div>\n\t<\/div>\n\t<div class=col-xl-6 col-12>\n\t\t<div class=\"incident-form-group inc-text\">\n\t\t\t<p class=\"form-title\"> Numri i telefonit:\n\t\t\t<\/p>\n\t\t\t<p><span class=\"wpcf7-form-control-wrap\" data-name=\"phone-number\"><input size=\"40\" maxlength=\"400\" class=\"wpcf7-form-control wpcf7-text form-control\" aria-invalid=\"false\" value=\"\" type=\"text\" name=\"phone-number\" \/><\/span>\n\t\t\t<\/p>\n\t\t<\/div>\n\t<\/div>\n\t<div class=col-xl-6 col-12>\n\t\t<div class=\"incident-form-group inc-text\">\n\t\t\t<p class=\"form-title\"> Subje\u043at\n\t\t\t<\/p>\n\t\t\t<p><span class=\"wpcf7-form-control-wrap\" data-name=\"your-subject\"><input size=\"40\" maxlength=\"400\" class=\"wpcf7-form-control wpcf7-text form-control\" aria-invalid=\"false\" value=\"\" type=\"text\" name=\"your-subject\" \/><\/span>\n\t\t\t<\/p>\n\t\t<\/div>\n\t<\/div>\n\t<div class=col-xl-12 col-12>\n\t\t<div class=\"incident-form-group inc-text\">\n\t\t\t<p class=\"form-title\"> Mesazh\n\t\t\t<\/p>\n\t\t\t<p><span class=\"wpcf7-form-control-wrap\" data-name=\"your-message\"><textarea cols=\"40\" rows=\"10\" maxlength=\"2000\" class=\"wpcf7-form-control wpcf7-textarea form-control\" aria-invalid=\"false\" name=\"your-message\"><\/textarea><\/span>\n\t\t\t<\/p>\n\t\t<\/div>\n\t<\/div>\n<hr \/>\n\t<div class=\"col-12 mt-3 text-center submit-cf7-form\">\n\t\t<p><input class=\"wpcf7-form-control wpcf7-submit has-spinner\" type=\"submit\" value=\"D\u00ebrgoni mesazh\" \/>\n\t\t<\/p>\n\t<\/div>\n<\/div><p style=\"display: none !important;\" class=\"akismet-fields-container\" data-prefix=\"_wpcf7_ak_\"><label>&#916;<textarea name=\"_wpcf7_ak_hp_textarea\" cols=\"45\" rows=\"8\" maxlength=\"100\"><\/textarea><\/label><input type=\"hidden\" id=\"ak_js_1\" name=\"_wpcf7_ak_js\" value=\"25\"\/><script>document.getElementById( \"ak_js_1\" ).setAttribute( \"value\", ( new Date() ).getTime() );<\/script><\/p><div class=\"wpcf7-response-output\" aria-hidden=\"true\"><\/div>\n<\/form>\n<\/div>\n<\/div>\n<div class=\"col-xl-4 col-12\">\n<h3>Kontakt Info<\/h3>\n<h3><\/h3>\n<p><strong>Adres\u00eb:<\/strong><br \/>\nNaum Naumovski Borche 83,<br \/>\nSkopje 1000,<br \/>\nRepublik\u00ebs s\u00eb Maqedonis\u00eb Veriore<\/p>\n<p><strong>Telefon:<\/strong><br \/>\n+389 (0)2 3119 073<\/p>\n<p><strong>Fax:<\/strong><br \/>\n+389 (0)2 3290 469<\/p>\n<p><strong>Mob:<\/strong><br \/>\n+389 (0)78 252 812<\/p>\n<\/div>\n<\/div>\n<div class=\"row\">\n<div class=\"col-12 mt-3\"><iframe loading=\"lazy\" style=\"border: 0;\" tabindex=\"0\" src=\"https:\/\/www.google.com\/maps\/embed?pb=!1m18!1m12!1m3!1d524.132007241018!2d21.42295289809072!3d42.00158236817267!2m3!1f0!2f0!3f0!3m2!1i1024!2i768!4f13.1!3m3!1m2!1s0x1354144de97aba8d%3A0xb9bd119bce224b0e!2sMacedonian%20Helsinki%20Committee!5e0!3m2!1sen!2smk!4v1608635845739!5m2!1sen!2smk\" width=\"100%\" height=\"450\" frameborder=\"0\" allowfullscreen=\"allowfullscreen\" aria-hidden=\"false\"><\/iframe><\/div>\n<\/div>\n","protected":false},"excerpt":{"rendered":"<p>Kontakt Info Adres\u00eb: Naum Naumovski Borche 83, Skopje 1000, Republik\u00ebs s\u00eb Maqedonis\u00eb Veriore Telefon: +389 (0)2 3119 073 Fax: +389 (0)2 3290 469 Mob: +389 (0)78 252 812 [&#8230;]<\/p>\n<p><a class=\"btn btn-secondary understrap-read-more-link\" href=\"https:\/\/zlostorstvaodomraza.com\/sq\/kontakt\/\">Read More&#8230;<\/a><\/p>\n","protected":false},"author":1,"featured_media":0,"parent":0,"menu_order":0,"comment_status":"closed","ping_status":"closed","template":"","meta":{"_acf_changed":false,"footnotes":""},"class_list":["post-1678","page","type-page","status-publish","hentry"],"acf":[],"yoast_head":"<!-- This site is optimized with the Yoast SEO plugin v27.3 - https:\/\/yoast.com\/product\/yoast-seo-wordpress\/ -->\n<title>Kontakt - Hate Crimes<\/title>\n<meta name=\"robots\" content=\"index, follow, max-snippet:-1, max-image-preview:large, max-video-preview:-1\" \/>\n<link rel=\"canonical\" href=\"https:\/\/zlostorstvaodomraza.com\/sq\/kontakt\/\" \/>\n<meta property=\"og:locale\" content=\"sq_AL\" \/>\n<meta property=\"og:type\" content=\"article\" \/>\n<meta property=\"og:title\" content=\"Kontakt - Hate Crimes\" \/>\n<meta property=\"og:description\" content=\"Kontakt Info Adres\u00eb: Naum Naumovski Borche 83, Skopje 1000, Republik\u00ebs s\u00eb Maqedonis\u00eb Veriore Telefon: +389 (0)2 3119 073 Fax: +389 (0)2 3290 469 Mob: +389 (0)78 252 812 [...]Read More...\" \/>\n<meta property=\"og:url\" content=\"https:\/\/zlostorstvaodomraza.com\/sq\/kontakt\/\" \/>\n<meta property=\"og:site_name\" content=\"Hate Crimes\" \/>\n<meta property=\"article:publisher\" content=\"https:\/\/www.facebook.com\/zlostorstvaodomraza\" \/>\n<meta property=\"article:modified_time\" content=\"2020-12-22T11:29:00+00:00\" \/>\n<meta property=\"og:image\" content=\"https:\/\/zlostorstvaodomraza.com\/wp-content\/uploads\/2020\/12\/fbshare-mk.png\" \/>\n\t<meta property=\"og:image:width\" content=\"1200\" \/>\n\t<meta property=\"og:image:height\" content=\"630\" \/>\n\t<meta property=\"og:image:type\" content=\"image\/png\" \/>\n<meta name=\"twitter:card\" content=\"summary_large_image\" \/>\n<meta name=\"twitter:site\" content=\"@hatecrimesmk\" \/>\n<script type=\"application\/ld+json\" class=\"yoast-schema-graph\">{\"@context\":\"https:\\\/\\\/schema.org\",\"@graph\":[{\"@type\":\"WebPage\",\"@id\":\"https:\\\/\\\/zlostorstvaodomraza.com\\\/sq\\\/kontakt\\\/\",\"url\":\"https:\\\/\\\/zlostorstvaodomraza.com\\\/sq\\\/kontakt\\\/\",\"name\":\"Kontakt - Hate Crimes\",\"isPartOf\":{\"@id\":\"https:\\\/\\\/zlostorstvaodomraza.com\\\/sq\\\/#website\"},\"datePublished\":\"2020-10-11T11:08:23+00:00\",\"dateModified\":\"2020-12-22T11:29:00+00:00\",\"breadcrumb\":{\"@id\":\"https:\\\/\\\/zlostorstvaodomraza.com\\\/sq\\\/kontakt\\\/#breadcrumb\"},\"inLanguage\":\"sq-AL\",\"potentialAction\":[{\"@type\":\"ReadAction\",\"target\":[\"https:\\\/\\\/zlostorstvaodomraza.com\\\/sq\\\/kontakt\\\/\"]}]},{\"@type\":\"BreadcrumbList\",\"@id\":\"https:\\\/\\\/zlostorstvaodomraza.com\\\/sq\\\/kontakt\\\/#breadcrumb\",\"itemListElement\":[{\"@type\":\"ListItem\",\"position\":1,\"name\":\"Home\",\"item\":\"https:\\\/\\\/zlostorstvaodomraza.com\\\/sq\\\/\"},{\"@type\":\"ListItem\",\"position\":2,\"name\":\"Kontakt\"}]},{\"@type\":\"WebSite\",\"@id\":\"https:\\\/\\\/zlostorstvaodomraza.com\\\/sq\\\/#website\",\"url\":\"https:\\\/\\\/zlostorstvaodomraza.com\\\/sq\\\/\",\"name\":\"Hate Crimes\",\"description\":\"The objective of the site is to enable citizens to report incidents and crimes they believe to be done out of hate towards the person\u2019s \\\/ people\u2019s membership or affiliation with a certain social group.\",\"potentialAction\":[{\"@type\":\"SearchAction\",\"target\":{\"@type\":\"EntryPoint\",\"urlTemplate\":\"https:\\\/\\\/zlostorstvaodomraza.com\\\/sq\\\/?s={search_term_string}\"},\"query-input\":{\"@type\":\"PropertyValueSpecification\",\"valueRequired\":true,\"valueName\":\"search_term_string\"}}],\"inLanguage\":\"sq-AL\"}]}<\/script>\n<!-- \/ Yoast SEO plugin. -->","yoast_head_json":{"title":"Kontakt - Hate Crimes","robots":{"index":"index","follow":"follow","max-snippet":"max-snippet:-1","max-image-preview":"max-image-preview:large","max-video-preview":"max-video-preview:-1"},"canonical":"https:\/\/zlostorstvaodomraza.com\/sq\/kontakt\/","og_locale":"sq_AL","og_type":"article","og_title":"Kontakt - Hate Crimes","og_description":"Kontakt Info Adres\u00eb: Naum Naumovski Borche 83, Skopje 1000, Republik\u00ebs s\u00eb Maqedonis\u00eb Veriore Telefon: +389 (0)2 3119 073 Fax: +389 (0)2 3290 469 Mob: +389 (0)78 252 812 [...]Read More...","og_url":"https:\/\/zlostorstvaodomraza.com\/sq\/kontakt\/","og_site_name":"Hate Crimes","article_publisher":"https:\/\/www.facebook.com\/zlostorstvaodomraza","article_modified_time":"2020-12-22T11:29:00+00:00","og_image":[{"width":1200,"height":630,"url":"https:\/\/zlostorstvaodomraza.com\/wp-content\/uploads\/2020\/12\/fbshare-mk.png","type":"image\/png"}],"twitter_card":"summary_large_image","twitter_site":"@hatecrimesmk","schema":{"@context":"https:\/\/schema.org","@graph":[{"@type":"WebPage","@id":"https:\/\/zlostorstvaodomraza.com\/sq\/kontakt\/","url":"https:\/\/zlostorstvaodomraza.com\/sq\/kontakt\/","name":"Kontakt - Hate Crimes","isPartOf":{"@id":"https:\/\/zlostorstvaodomraza.com\/sq\/#website"},"datePublished":"2020-10-11T11:08:23+00:00","dateModified":"2020-12-22T11:29:00+00:00","breadcrumb":{"@id":"https:\/\/zlostorstvaodomraza.com\/sq\/kontakt\/#breadcrumb"},"inLanguage":"sq-AL","potentialAction":[{"@type":"ReadAction","target":["https:\/\/zlostorstvaodomraza.com\/sq\/kontakt\/"]}]},{"@type":"BreadcrumbList","@id":"https:\/\/zlostorstvaodomraza.com\/sq\/kontakt\/#breadcrumb","itemListElement":[{"@type":"ListItem","position":1,"name":"Home","item":"https:\/\/zlostorstvaodomraza.com\/sq\/"},{"@type":"ListItem","position":2,"name":"Kontakt"}]},{"@type":"WebSite","@id":"https:\/\/zlostorstvaodomraza.com\/sq\/#website","url":"https:\/\/zlostorstvaodomraza.com\/sq\/","name":"Hate Crimes","description":"The objective of the site is to enable citizens to report incidents and crimes they believe to be done out of hate towards the person\u2019s \/ people\u2019s membership or affiliation with a certain social group.","potentialAction":[{"@type":"SearchAction","target":{"@type":"EntryPoint","urlTemplate":"https:\/\/zlostorstvaodomraza.com\/sq\/?s={search_term_string}"},"query-input":{"@type":"PropertyValueSpecification","valueRequired":true,"valueName":"search_term_string"}}],"inLanguage":"sq-AL"}]}},"_links":{"self":[{"href":"https:\/\/zlostorstvaodomraza.com\/sq\/wp-json\/wp\/v2\/pages\/1678","targetHints":{"allow":["GET"]}}],"collection":[{"href":"https:\/\/zlostorstvaodomraza.com\/sq\/wp-json\/wp\/v2\/pages"}],"about":[{"href":"https:\/\/zlostorstvaodomraza.com\/sq\/wp-json\/wp\/v2\/types\/page"}],"author":[{"embeddable":true,"href":"https:\/\/zlostorstvaodomraza.com\/sq\/wp-json\/wp\/v2\/users\/1"}],"replies":[{"embeddable":true,"href":"https:\/\/zlostorstvaodomraza.com\/sq\/wp-json\/wp\/v2\/comments?post=1678"}],"version-history":[{"count":1,"href":"https:\/\/zlostorstvaodomraza.com\/sq\/wp-json\/wp\/v2\/pages\/1678\/revisions"}],"predecessor-version":[{"id":1798,"href":"https:\/\/zlostorstvaodomraza.com\/sq\/wp-json\/wp\/v2\/pages\/1678\/revisions\/1798"}],"wp:attachment":[{"href":"https:\/\/zlostorstvaodomraza.com\/sq\/wp-json\/wp\/v2\/media?parent=1678"}],"curies":[{"name":"wp","href":"https:\/\/api.w.org\/{rel}","templated":true}]}}